{"id":2,"date":"2024-09-10T11:21:45","date_gmt":"2024-09-10T15:21:45","guid":{"rendered":"https:\/\/montvert.com\/soumission\/?page_id=2"},"modified":"2024-09-11T07:52:33","modified_gmt":"2024-09-11T11:52:33","slug":"referez-nous-un-client","status":"publish","type":"page","link":"https:\/\/montvert.com\/soumission\/referez-nous-un-client\/","title":{"rendered":"Ref\u00e9rez-nous un client (25$)"},"content":{"rendered":"\n<hr><p class=\"wp-block-heading has-text-align-center is-style-default has-contrast-color has-text-color has-link-color\"><a href=\"http:\/\/montvert.com\">Accueil<\/a>      |      514-666-8837      |      Lun-Ven 08:00 &#8211; 16:00      |      <a href=\"https:\/\/montvert.com\/traitement_de_gazon_Le_Classique_Extra.html\">Secteur Mont\u00e9regie &#8211; Montr\u00e9al<\/a>      |      <a style=\"color: red\" href=\"https:\/\/montvert.com\/referafriend2.html\">R\u00e9f\u00e9rez-nous un client (25$)<\/a><\/p>\n\n\n\n<figure class=\"wp-block-image size-full is-resized\"><img loading=\"lazy\" decoding=\"async\" width=\"1772\" height=\"405\" src=\"https:\/\/montvert.com\/soumission\/wp-content\/uploads\/2024\/09\/soumission.jpg\" alt=\"\" class=\"wp-image-77\" style=\"width:1450px;height:auto\" srcset=\"https:\/\/montvert.com\/soumission\/wp-content\/uploads\/2024\/09\/soumission.jpg 1772w, https:\/\/montvert.com\/soumission\/wp-content\/uploads\/2024\/09\/soumission-300x69.jpg 300w, https:\/\/montvert.com\/soumission\/wp-content\/uploads\/2024\/09\/soumission-1024x234.jpg 1024w, https:\/\/montvert.com\/soumission\/wp-content\/uploads\/2024\/09\/soumission-768x176.jpg 768w, https:\/\/montvert.com\/soumission\/wp-content\/uploads\/2024\/09\/soumission-1536x351.jpg 1536w\" sizes=\"auto, (max-width: 1772px) 100vw, 1772px\" \/><\/figure>\n\n\n\n<p><strong>R\u00e9f\u00e9rez nous un client et il nous fera plaisir de vous accorder un rabais de 25$ sur votre renouvellement pour la saison prochaine.<\/strong><\/p>\n\n\n\n<p><\/p>\n\n\n\n<p><strong>Vos Informations (Pour Obtenir Votre Credit de 25$)<\/strong><\/p>\n\n\n\n<div class=\"wp-block-columns is-layout-flex wp-container-core-columns-is-layout-0b318afb wp-block-columns-is-layout-flex\" style=\"padding-top:0;padding-right:var(--wp--preset--spacing--40);padding-bottom:0;padding-left:var(--wp--preset--spacing--40)\">\n<div class=\"wp-block-column is-layout-flow wp-block-column-is-layout-flow\" style=\"flex-basis:100%\">\n<div class=\"wp-block-group has-global-padding is-layout-constrained wp-container-core-group-is-layout-4383d167 wp-block-group-is-layout-constrained\"><style id=\"wpforms-css-vars-root\">\n\t\t\t\t:root {\n\t\t\t\t\t--wpforms-field-border-radius: 3px;\n--wpforms-field-border-style: solid;\n--wpforms-field-border-size: 1px;\n--wpforms-field-background-color: #ffffff;\n--wpforms-field-border-color: rgba( 0, 0, 0, 0.25 );\n--wpforms-field-border-color-spare: rgba( 0, 0, 0, 0.25 );\n--wpforms-field-text-color: rgba( 0, 0, 0, 0.7 );\n--wpforms-field-menu-color: #ffffff;\n--wpforms-label-color: rgba( 0, 0, 0, 0.85 );\n--wpforms-label-sublabel-color: rgba( 0, 0, 0, 0.55 );\n--wpforms-label-error-color: #d63637;\n--wpforms-button-border-radius: 3px;\n--wpforms-button-border-style: none;\n--wpforms-button-border-size: 1px;\n--wpforms-button-background-color: #066aab;\n--wpforms-button-border-color: #066aab;\n--wpforms-button-text-color: #ffffff;\n--wpforms-page-break-color: #066aab;\n--wpforms-background-image: none;\n--wpforms-background-position: center center;\n--wpforms-background-repeat: no-repeat;\n--wpforms-background-size: cover;\n--wpforms-background-width: 100px;\n--wpforms-background-height: 100px;\n--wpforms-background-color: rgba( 0, 0, 0, 0 );\n--wpforms-background-url: none;\n--wpforms-container-padding: 0px;\n--wpforms-container-border-style: none;\n--wpforms-container-border-width: 1px;\n--wpforms-container-border-color: #000000;\n--wpforms-container-border-radius: 3px;\n--wpforms-field-size-input-height: 43px;\n--wpforms-field-size-input-spacing: 15px;\n--wpforms-field-size-font-size: 16px;\n--wpforms-field-size-line-height: 19px;\n--wpforms-field-size-padding-h: 14px;\n--wpforms-field-size-checkbox-size: 16px;\n--wpforms-field-size-sublabel-spacing: 5px;\n--wpforms-field-size-icon-size: 1;\n--wpforms-label-size-font-size: 16px;\n--wpforms-label-size-line-height: 19px;\n--wpforms-label-size-sublabel-font-size: 14px;\n--wpforms-label-size-sublabel-line-height: 17px;\n--wpforms-button-size-font-size: 17px;\n--wpforms-button-size-height: 41px;\n--wpforms-button-size-padding-h: 15px;\n--wpforms-button-size-margin-top: 10px;\n--wpforms-container-shadow-size-box-shadow: none;\n\n\t\t\t\t}\n\t\t\t<\/style><div class=\"wpforms-container wpforms-container-full wpforms-block wpforms-block-e135c44e-f398-4fab-97b3-38f794611440 wpforms-render-modern\" id=\"wpforms-172\"><form id=\"wpforms-form-172\" class=\"wpforms-validate wpforms-form wpforms-ajax-form\" data-formid=\"172\" method=\"post\" enctype=\"multipart\/form-data\" action=\"\/soumission\/wp-json\/wp\/v2\/pages\/2\" data-token=\"0e83965fa77f14a3ba54dac3ec55b181\" data-token-time=\"1778994669\"><div class=\"wpforms-head-container\"><div class=\"wpforms-description\">Vos Informations (Pour Obtenir Votre Credit de 25$)<\/div><\/div><noscript class=\"wpforms-error-noscript\">Please enable JavaScript in your browser to complete this form.<\/noscript><div class=\"wpforms-hidden\" id=\"wpforms-error-noscript\">Please enable JavaScript in your browser to complete this form.<\/div><div class=\"wpforms-field-container\"><div id=\"wpforms-172-field_1-container\" class=\"wpforms-field wpforms-field-name\" data-field-id=\"1\"><label class=\"wpforms-field-label\" for=\"wpforms-172-field_1\">Votre nom complet: <span class=\"wpforms-required-label\" aria-hidden=\"true\">*<\/span><\/label><input type=\"text\" id=\"wpforms-172-field_1\" class=\"wpforms-field-large wpforms-field-required\" name=\"wpforms[fields][1]\" aria-errormessage=\"wpforms-172-field_1-error\" required><\/div><div id=\"wpforms-172-field_2-container\" class=\"wpforms-field wpforms-field-email\" data-field-id=\"2\"><label class=\"wpforms-field-label\" for=\"wpforms-172-field_2\">Votre courriel: <span class=\"wpforms-required-label\" aria-hidden=\"true\">*<\/span><\/label><input type=\"email\" id=\"wpforms-172-field_2\" class=\"wpforms-field-large wpforms-field-required\" name=\"wpforms[fields][2]\" spellcheck=\"false\" aria-errormessage=\"wpforms-172-field_2-error\" required><\/div><div id=\"wpforms-172-field_4-container\" class=\"wpforms-field wpforms-field-name\" data-field-id=\"4\"><label class=\"wpforms-field-label\" for=\"wpforms-172-field_4\">Le nom de votre r\u00e9f\u00e9rence:<\/label><input type=\"text\" id=\"wpforms-172-field_4\" class=\"wpforms-field-large\" name=\"wpforms[fields][4]\" aria-errormessage=\"wpforms-172-field_4-error\" ><\/div><div id=\"wpforms-172-field_5-container\" class=\"wpforms-field wpforms-field-name\" data-field-id=\"5\"><label class=\"wpforms-field-label\" for=\"wpforms-172-field_5\">Le courriel de votre r\u00e9f\u00e9rence: <span class=\"wpforms-required-label\" aria-hidden=\"true\">*<\/span><\/label><input type=\"text\" id=\"wpforms-172-field_5\" class=\"wpforms-field-large wpforms-field-required\" name=\"wpforms[fields][5]\" aria-errormessage=\"wpforms-172-field_5-error\" required><\/div><\/div><!-- .wpforms-field-container --><div class=\"wpforms-recaptcha-container wpforms-is-recaptcha wpforms-is-recaptcha-type-v2\" ><div class=\"g-recaptcha\" data-sitekey=\"6LcHfD0qAAAAADoeRXoUrLMslJM_xDoRbLf8NJ2Y\"><\/div><input type=\"text\" name=\"g-recaptcha-hidden\" class=\"wpforms-recaptcha-hidden\" style=\"position:absolute!important;clip:rect(0,0,0,0)!important;height:1px!important;width:1px!important;border:0!important;overflow:hidden!important;padding:0!important;margin:0!important;\" data-rule-recaptcha=\"1\"><\/div><div class=\"wpforms-submit-container\" ><input type=\"hidden\" name=\"wpforms[id]\" value=\"172\"><input type=\"hidden\" name=\"page_title\" value=\"\"><input type=\"hidden\" name=\"page_url\" value=\"https:\/\/montvert.com\/soumission\/wp-json\/wp\/v2\/pages\/2\"><button type=\"submit\" name=\"wpforms[submit]\" id=\"wpforms-submit-172\" class=\"wpforms-submit\" data-alt-text=\"Envoie...\" data-submit-text=\"Envoyer\" aria-live=\"assertive\" value=\"wpforms-submit\">Envoyer<\/button><img loading=\"lazy\" decoding=\"async\" src=\"https:\/\/montvert.com\/soumission\/wp-content\/plugins\/wpforms-lite\/assets\/images\/submit-spin.svg\" class=\"wpforms-submit-spinner\" style=\"display: none;\" width=\"26\" height=\"26\" alt=\"Loading\"><\/div><\/form><\/div>  <!-- .wpforms-container --><\/div>\n<\/div>\n<\/div>\n\n\n\n<p><\/p>\n","protected":false},"excerpt":{"rendered":"<p>Accueil | 514-666-8837 | Lun-Ven 08:00 &#8211; 16:00 | Secteur Mont\u00e9regie &#8211; Montr\u00e9al | R\u00e9f\u00e9rez-nous un client (25$) R\u00e9f\u00e9rez nous un client et il nous fera plaisir de vous accorder un rabais de 25$ sur votre renouvellement pour la saison prochaine. Vos Informations (Pour Obtenir Votre Credit de 25$)<\/p>\n","protected":false},"author":1,"featured_media":0,"parent":0,"menu_order":0,"comment_status":"closed","ping_status":"closed","template":"soumission","meta":{"footnotes":""},"class_list":["post-2","page","type-page","status-publish","hentry"],"_links":{"self":[{"href":"https:\/\/montvert.com\/soumission\/wp-json\/wp\/v2\/pages\/2","targetHints":{"allow":["GET"]}}],"collection":[{"href":"https:\/\/montvert.com\/soumission\/wp-json\/wp\/v2\/pages"}],"about":[{"href":"https:\/\/montvert.com\/soumission\/wp-json\/wp\/v2\/types\/page"}],"author":[{"embeddable":true,"href":"https:\/\/montvert.com\/soumission\/wp-json\/wp\/v2\/users\/1"}],"replies":[{"embeddable":true,"href":"https:\/\/montvert.com\/soumission\/wp-json\/wp\/v2\/comments?post=2"}],"version-history":[{"count":18,"href":"https:\/\/montvert.com\/soumission\/wp-json\/wp\/v2\/pages\/2\/revisions"}],"predecessor-version":[{"id":215,"href":"https:\/\/montvert.com\/soumission\/wp-json\/wp\/v2\/pages\/2\/revisions\/215"}],"wp:attachment":[{"href":"https:\/\/montvert.com\/soumission\/wp-json\/wp\/v2\/media?parent=2"}],"curies":[{"name":"wp","href":"https:\/\/api.w.org\/{rel}","templated":true}]}}